{"id":59,"date":"2023-08-15T15:23:36","date_gmt":"2023-08-15T14:23:36","guid":{"rendered":"https:\/\/hospitaliersdafrique.org\/?page_id=59"},"modified":"2023-09-11T14:17:40","modified_gmt":"2023-09-11T13:17:40","slug":"accueil","status":"publish","type":"page","link":"https:\/\/hospitaliersdafrique.org\/index.php\/accueil\/","title":{"rendered":"Accueil"},"content":{"rendered":"\n<h3 class=\"wp-block-heading has-text-color\" style=\"color:#fbf817\">Bienvenue sur le site officiel de la l\u2019association humanitaire \u00e9trang\u00e8re &#8220;Commanderie des Chevaliers de Saint Jean d\u2019Afrique&#8221; (Commanderie d\u2019Afrique)<\/h3>\n\n\n<div class=\"wp-block-image\">\n<figure class=\"alignleft size-full\"><img loading=\"lazy\" decoding=\"async\" width=\"188\" height=\"232\" src=\"http:\/\/hospitaliersdafrique.org\/wp-content\/uploads\/2023\/08\/Logo.jpg\" alt=\"Logo Hospitaliers d'Afrique\" class=\"wp-image-13\"\/><\/figure>\n<\/div>\n\n\n<p class=\"has-white-color has-text-color\">Ce site est la vitrine \u00e0 travers laquelle vous aurez la possibilit\u00e9 de consulter nos actions humanitaires mais aussi, de prendre attache avec les personnes qui ont \u00e9t\u00e9 mandat\u00e9es par la tutelle pour venir en aide aux personnes en d\u00e9tresse.<\/p>\n\n\n\n<p class=\"has-white-color has-text-color\">Nos actions sont encadr\u00e9es par la charte des Chevaliers de l\u2019OASJ qui met en avant le caract\u00e8re hautement sensible de la vie humaine \u00e0 travers le respect, la protection, l\u2019assistance et l\u2019accompagnement des couches sociales d\u00e9favoris\u00e9es.<\/p>\n\n\n\n<p class=\"has-white-color has-text-color\">Notre association regroupe en son sein de nombreux jeunes hommes et femmes dynamiques et suffisamment outill\u00e9s pour animer des activit\u00e9s \u00e0 caract\u00e8re social et de mener des actions dans les conditions les plus difficiles.<\/p>\n\n\n\n<p class=\"has-white-color has-text-color\">Fort de ce potentiel, nous projetons de marquer notre pr\u00e9sence sur le terrain \u00e0 travers un d\u00e9ploiement de nos \u00e9quine en vue de mener des enqu\u00eates aupr\u00e8s des populations vivant dans la pr\u00e9carit\u00e9 pour mieux s\u2019impr\u00e9gner des souffrances qui les affligent, et de trouver des solutions en urgence pour y rem\u00e9dier.<\/p>\n","protected":false},"excerpt":{"rendered":"<p>Bienvenue sur le site officiel de la l\u2019association humanitaire \u00e9trang\u00e8re &#8220;Commanderie des Chevaliers de Saint Jean d\u2019Afrique&#8221; (Commanderie d\u2019Afrique) Ce site est la vitrine \u00e0 travers laquelle vous aurez la possibilit\u00e9 de consulter nos actions humanitaires mais aussi, de prendre attache avec les personnes qui ont \u00e9t\u00e9 mandat\u00e9es par la tutelle pour venir en aide<\/p>\n","protected":false},"author":1,"featured_media":0,"parent":0,"menu_order":0,"comment_status":"closed","ping_status":"closed","template":"","meta":{"footnotes":""},"class_list":["post-59","page","type-page","status-publish","hentry"],"_links":{"self":[{"href":"https:\/\/hospitaliersdafrique.org\/index.php\/wp-json\/wp\/v2\/pages\/59","targetHints":{"allow":["GET"]}}],"collection":[{"href":"https:\/\/hospitaliersdafrique.org\/index.php\/wp-json\/wp\/v2\/pages"}],"about":[{"href":"https:\/\/hospitaliersdafrique.org\/index.php\/wp-json\/wp\/v2\/types\/page"}],"author":[{"embeddable":true,"href":"https:\/\/hospitaliersdafrique.org\/index.php\/wp-json\/wp\/v2\/users\/1"}],"replies":[{"embeddable":true,"href":"https:\/\/hospitaliersdafrique.org\/index.php\/wp-json\/wp\/v2\/comments?post=59"}],"version-history":[{"count":11,"href":"https:\/\/hospitaliersdafrique.org\/index.php\/wp-json\/wp\/v2\/pages\/59\/revisions"}],"predecessor-version":[{"id":270,"href":"https:\/\/hospitaliersdafrique.org\/index.php\/wp-json\/wp\/v2\/pages\/59\/revisions\/270"}],"wp:attachment":[{"href":"https:\/\/hospitaliersdafrique.org\/index.php\/wp-json\/wp\/v2\/media?parent=59"}],"curies":[{"name":"wp","href":"https:\/\/api.w.org\/{rel}","templated":true}]}}