{"id":22,"date":"2023-08-05T18:16:07","date_gmt":"2023-08-05T16:16:07","guid":{"rendered":"https:\/\/hospitaliersdafrique.org\/?page_id=22"},"modified":"2023-09-11T14:25:53","modified_gmt":"2023-09-11T13:25:53","slug":"contact","status":"publish","type":"page","link":"https:\/\/hospitaliersdafrique.org\/index.php\/contact\/","title":{"rendered":"Contacts"},"content":{"rendered":"\n<h3 class=\"wp-block-heading has-text-color\" style=\"color:#fbf817\">Pour nous contacter<\/h3>\n\n\n<div class=\"wp-block-image\">\n<figure class=\"alignleft size-full\"><img loading=\"lazy\" decoding=\"async\" width=\"188\" height=\"232\" src=\"http:\/\/hospitaliersdafrique.org\/wp-content\/uploads\/2023\/08\/Logo.jpg\" alt=\"Logo Hospitaliers d'Afrique\" class=\"wp-image-13\"\/><\/figure>\n<\/div>\n\n\n<p class=\"has-white-color has-text-color\">Commanderie des Chevaliers de Saint Jean d&#8217;Afrique<\/p>\n\n\n\n<p class=\"has-white-color has-text-color\">BP 12465 Yaound\u00e9<\/p>\n\n\n\n<p class=\"has-white-color has-text-color\">Cameroun<\/p>\n\n\n\n<p class=\"has-white-color has-text-color\">T\u00e9l\u00e9phone : +237 697 23 23 68 \/ +237 683 11 18 37<\/p>\n\n\n\n<p><a href=\"mailto:contact@hospitaliersdafrique.org\">contact@hospitaliersdafrique.org<\/a><\/p>\n\n\n\n<p class=\"has-white-color has-text-color has-small-font-size\"><em>Pour tout probl\u00e8me d&#8217;ordre technique, vous pouvez contacter l&#8217;<a href=\"mailto:webmaster@hospitaliersdafrique.org?Subjet=Hospitalier d'Afrique - Probl\u00e8me technique\">administrateur du site<\/a>.<\/em><\/p>\n","protected":false},"excerpt":{"rendered":"<p>Pour nous contacter Commanderie des Chevaliers de Saint Jean d&#8217;Afrique BP 12465 Yaound\u00e9 Cameroun T\u00e9l\u00e9phone : +237 697 23 23 68 \/ +237 683 11 18 37 contact@hospitaliersdafrique.org Pour tout probl\u00e8me d&#8217;ordre technique, vous pouvez contacter l&#8217;administrateur du site.<\/p>\n","protected":false},"author":1,"featured_media":0,"parent":0,"menu_order":0,"comment_status":"closed","ping_status":"closed","template":"","meta":{"footnotes":""},"class_list":["post-22","page","type-page","status-publish","hentry"],"_links":{"self":[{"href":"https:\/\/hospitaliersdafrique.org\/index.php\/wp-json\/wp\/v2\/pages\/22","targetHints":{"allow":["GET"]}}],"collection":[{"href":"https:\/\/hospitaliersdafrique.org\/index.php\/wp-json\/wp\/v2\/pages"}],"about":[{"href":"https:\/\/hospitaliersdafrique.org\/index.php\/wp-json\/wp\/v2\/types\/page"}],"author":[{"embeddable":true,"href":"https:\/\/hospitaliersdafrique.org\/index.php\/wp-json\/wp\/v2\/users\/1"}],"replies":[{"embeddable":true,"href":"https:\/\/hospitaliersdafrique.org\/index.php\/wp-json\/wp\/v2\/comments?post=22"}],"version-history":[{"count":20,"href":"https:\/\/hospitaliersdafrique.org\/index.php\/wp-json\/wp\/v2\/pages\/22\/revisions"}],"predecessor-version":[{"id":272,"href":"https:\/\/hospitaliersdafrique.org\/index.php\/wp-json\/wp\/v2\/pages\/22\/revisions\/272"}],"wp:attachment":[{"href":"https:\/\/hospitaliersdafrique.org\/index.php\/wp-json\/wp\/v2\/media?parent=22"}],"curies":[{"name":"wp","href":"https:\/\/api.w.org\/{rel}","templated":true}]}}