{"id":21,"date":"2023-08-05T18:16:07","date_gmt":"2023-08-05T16:16:07","guid":{"rendered":"https:\/\/hospitaliersdafrique.org\/?page_id=21"},"modified":"2023-09-12T09:51:07","modified_gmt":"2023-09-12T08:51:07","slug":"faire-un-don","status":"publish","type":"page","link":"https:\/\/hospitaliersdafrique.org\/index.php\/faire-un-don\/","title":{"rendered":"Faire un don"},"content":{"rendered":"\n<h3 class=\"wp-block-heading has-text-color\" style=\"color:#fbf817\">Faites un don, soutenez nos actions<\/h3>\n\n\n\n<p class=\"has-white-color has-text-color\">Vous pouvez nous accompagner de quelque mani\u00e8re que ce soit. L\u2019intitul\u00e9 ainsi que les coordonn\u00e9es du compte bancaire de notre association se trouvent sur cette page.<\/p>\n\n\n\n<p class=\"has-white-color has-text-color\">Intitul\u00e9 du compte bancaire: Commanderie des Chevaliers de Saint Jean d\u2019Afrique<\/p>\n\n\n\n<p class=\"has-white-color has-text-color\">Banque : Soci\u00e9t\u00e9 G\u00e9n\u00e9rale Cameroun<\/p>\n\n\n\n<p class=\"has-white-color has-text-color\">Code banque : 10003<\/p>\n\n\n\n<p class=\"has-white-color has-text-color\">Code guichet : 00200<\/p>\n\n\n\n<p class=\"has-white-color has-text-color\">Num\u00e9ro de compte : 16021364540<\/p>\n\n\n\n<p class=\"has-white-color has-text-color\">Cl\u00e9 : 26<\/p>\n\n\n\n<p class=\"has-white-color has-text-color\">IBAN : CM2110003 00200 16021364540 26<\/p>\n\n\n\n<p class=\"has-white-color has-text-color\">Adresse Swift : SGCMCMCX<\/p>\n\n\n\n<p class=\"has-white-color has-text-color\">Attestation de compte :<\/p>\n\n\n\n<p class=\"has-white-color has-text-color\"><a href=\"https:\/\/hospitaliersdafrique.org\/wp-content\/uploads\/2023\/08\/Coordonnees-bancaires.pdf\" data-type=\"link\" data-id=\"https:\/\/hospitaliersdafrique.org\/wp-content\/uploads\/2023\/08\/Coordonnees-bancaires.pdf\" target=\"_blank\" rel=\"noreferrer noopener\">Attestation au format PDF<\/a><\/p>\n\n\n\n<p><\/p>\n","protected":false},"excerpt":{"rendered":"<p>Faites un don, soutenez nos actions Vous pouvez nous accompagner de quelque mani\u00e8re que ce soit. L\u2019intitul\u00e9 ainsi que les coordonn\u00e9es du compte bancaire de notre association se trouvent sur cette page. Intitul\u00e9 du compte bancaire: Commanderie des Chevaliers de Saint Jean d\u2019Afrique Banque : Soci\u00e9t\u00e9 G\u00e9n\u00e9rale Cameroun Code banque : 10003 Code guichet :<\/p>\n","protected":false},"author":1,"featured_media":0,"parent":0,"menu_order":0,"comment_status":"closed","ping_status":"closed","template":"","meta":{"footnotes":""},"class_list":["post-21","page","type-page","status-publish","hentry"],"_links":{"self":[{"href":"https:\/\/hospitaliersdafrique.org\/index.php\/wp-json\/wp\/v2\/pages\/21","targetHints":{"allow":["GET"]}}],"collection":[{"href":"https:\/\/hospitaliersdafrique.org\/index.php\/wp-json\/wp\/v2\/pages"}],"about":[{"href":"https:\/\/hospitaliersdafrique.org\/index.php\/wp-json\/wp\/v2\/types\/page"}],"author":[{"embeddable":true,"href":"https:\/\/hospitaliersdafrique.org\/index.php\/wp-json\/wp\/v2\/users\/1"}],"replies":[{"embeddable":true,"href":"https:\/\/hospitaliersdafrique.org\/index.php\/wp-json\/wp\/v2\/comments?post=21"}],"version-history":[{"count":23,"href":"https:\/\/hospitaliersdafrique.org\/index.php\/wp-json\/wp\/v2\/pages\/21\/revisions"}],"predecessor-version":[{"id":291,"href":"https:\/\/hospitaliersdafrique.org\/index.php\/wp-json\/wp\/v2\/pages\/21\/revisions\/291"}],"wp:attachment":[{"href":"https:\/\/hospitaliersdafrique.org\/index.php\/wp-json\/wp\/v2\/media?parent=21"}],"curies":[{"name":"wp","href":"https:\/\/api.w.org\/{rel}","templated":true}]}}