{"id":20,"date":"2023-08-05T18:16:07","date_gmt":"2023-08-05T16:16:07","guid":{"rendered":"https:\/\/hospitaliersdafrique.org\/?page_id=20"},"modified":"2023-09-11T14:26:13","modified_gmt":"2023-09-11T13:26:13","slug":"actualites","status":"publish","type":"page","link":"https:\/\/hospitaliersdafrique.org\/index.php\/actualites\/","title":{"rendered":"Actualit\u00e9s"},"content":{"rendered":"\n<h3 class=\"wp-block-heading has-text-color\" style=\"color:#fbf817\">Retrouvez ici nos diff\u00e9rentes actualit\u00e9s.<\/h3>\n\n\n<ul class=\"wp-block-latest-posts__list has-dates wp-block-latest-posts\"><li><div class=\"wp-block-latest-posts__featured-image\"><img loading=\"lazy\" decoding=\"async\" width=\"150\" height=\"150\" src=\"https:\/\/hospitaliersdafrique.org\/wp-content\/uploads\/2024\/12\/IMG_3208-150x150.jpg\" class=\"attachment-thumbnail size-thumbnail wp-post-image\" alt=\"\" style=\"\" \/><\/div><a class=\"wp-block-latest-posts__post-title\" href=\"https:\/\/hospitaliersdafrique.org\/index.php\/2024\/12\/31\/31-12-2024-amenagements-detangs-sur-un-marecage-a-yaounde\/\">31\/12\/2024 &#8211; Am\u00e9nagements d&#8217;\u00e9tangs sur un mar\u00e9cage \u00e0 Yaound\u00e9<\/a><time datetime=\"2024-12-31T07:02:00+01:00\" class=\"wp-block-latest-posts__post-date\">31 d\u00e9cembre 2024<\/time><div class=\"wp-block-latest-posts__post-full-content\"><!-- wp:paragraph {\"style\":{\"elements\":{\"link\":{\"color\":{\"text\":\"var:preset|color|white\"}}}},\"textColor\":\"white\"} -->\n<p class=\"has-white-color has-text-color has-link-color\">La Commanderie d\u2019Afrique a proc\u00e9d\u00e9 \u00e0 des am\u00e9nagements sur un mar\u00e9cage \u00e0 une quinzaine de kilom\u00e8tres de la ville de Yaound\u00e9, au lieu-dit &#8221; BANDA &#8211; CHEFFERIE &#8221; dans l\u2019arrondissement de Soa. Le but vis\u00e9 de cet investissement est de produire du poisson dont une grande partie sera distribu\u00e9e dans des orphelinats, le reste \u00e9tant destin\u00e9 \u00e0 soutenir d\u2019autres activit\u00e9s.<\/p>\n<!-- \/wp:paragraph -->\n\n<!-- wp:paragraph {\"style\":{\"elements\":{\"link\":{\"color\":{\"text\":\"var:preset|color|white\"}}}},\"textColor\":\"white\"} -->\n<p class=\"has-white-color has-text-color has-link-color\">Concr\u00e8tement, neuf \u00e9tangs ont \u00e9t\u00e9 creus\u00e9s, fertilis\u00e9s et empoissonn\u00e9s comme suit :<\/p>\n<!-- \/wp:paragraph -->\n\n<!-- wp:paragraph {\"style\":{\"elements\":{\"link\":{\"color\":{\"text\":\"var:preset|color|white\"}}}},\"textColor\":\"white\"} -->\n<p class=\"has-white-color has-text-color has-link-color\">\u2022 03 \u00e9tangs de 16 m\u00b2, soit 1500 alevins de silure par \u00e9tang,<\/p>\n<!-- \/wp:paragraph -->\n\n<!-- wp:paragraph {\"style\":{\"elements\":{\"link\":{\"color\":{\"text\":\"var:preset|color|white\"}}}},\"textColor\":\"white\"} -->\n<p class=\"has-white-color has-text-color has-link-color\">\u2022 06 \u00e9tangs de 300 m\u00b2, soit 2000 alevins de silure, tilapia et heterotis par \u00e9tang.<\/p>\n<!-- \/wp:paragraph -->\n\n<!-- wp:paragraph {\"style\":{\"elements\":{\"link\":{\"color\":{\"text\":\"var:preset|color|white\"}}}},\"textColor\":\"white\"} -->\n<p class=\"has-white-color has-text-color has-link-color\">Le produit escompt\u00e9 des 3 premiers \u00e9tangs peut \u00eatre r\u00e9colt\u00e9 d\u00e8s le mois de septembre 2025, soit environ une tonne de poisson. Le produit de ces \u00e9levages servira \u00e0 soutenir les actions humanitaires entam\u00e9es en 2023, mais aussi \u00e0 r\u00e9investir sur le reste du mar\u00e9cage en exploitation.<\/p>\n<!-- \/wp:paragraph -->\n\n<!-- wp:paragraph {\"style\":{\"elements\":{\"link\":{\"color\":{\"text\":\"var:preset|color|white\"}}}},\"textColor\":\"white\"} -->\n<p class=\"has-white-color has-text-color has-link-color\">Au del\u00e0 de la production de poisson mentionn\u00e9e ci-dessus, la Commanderie d\u2019Afrique envisage, avec le soutien des partenaires, d&#8217;organiser des ateliers de formation et de renforcement des capacit\u00e9s de la gent f\u00e9minine dans les m\u00e9tiers de la pisciculture en vue de rendre cette derni\u00e8re autonome et de contribuer \u00e0 la lutte contre la pauvret\u00e9.<\/p>\n<!-- \/wp:paragraph -->\n\n<!-- wp:paragraph -->\n<p><\/p>\n<!-- \/wp:paragraph --><\/div><\/li>\n<li><div class=\"wp-block-latest-posts__featured-image\"><img loading=\"lazy\" decoding=\"async\" width=\"150\" height=\"150\" src=\"https:\/\/hospitaliersdafrique.org\/wp-content\/uploads\/2023\/09\/vecteezy_land-plot-for-building-house-aerial-view-land-field-with_14445766_754-150x150.jpeg\" class=\"attachment-thumbnail size-thumbnail wp-post-image\" alt=\"\" style=\"\" \/><\/div><a class=\"wp-block-latest-posts__post-title\" href=\"https:\/\/hospitaliersdafrique.org\/index.php\/2023\/09\/24\/31-07-2023-octroi-dune-parcelle-de-terrain-pour-la-construction-du-centre-daccueil-pour-lenfance-en-detresse\/\">31\/07\/2023 &#8211; Octroi d&#8217;une parcelle de terrain pour la construction du Centre d\u2019Accueil pour l\u2019Enfance en D\u00e9tresse<\/a><time datetime=\"2023-09-24T13:37:07+01:00\" class=\"wp-block-latest-posts__post-date\">24 septembre 2023<\/time><div class=\"wp-block-latest-posts__post-full-content\"><!-- wp:paragraph {\"textColor\":\"white\"} -->\n<p class=\"has-white-color has-text-color\">Le Maire de la commune de Yoko, Monsieur ANNIR Dieudonn\u00e9 a \u00e9mis un avis favorable, en r\u00e9ponse \u00e0 la demande \u00e0 lui adress\u00e9e par le Repr\u00e9sentant de l\u2019OASJ au Cameroun, S.E ENGOLA BINIGA, travers une correspondance dat\u00e9e du 31 Juillet 2023, portant sur l\u2019octroi d\u2019une parcelle de terrain sur lequel notre association projette de construire le Centre d\u2019Accueil pour l\u2019Enfance en D\u00e9tresse. Le site identifi\u00e9 se situe \u00e0 la p\u00e9riph\u00e9rie Nord de la ville au lieu-dit Bamding.<\/p>\n<!-- \/wp:paragraph -->\n\n<!-- wp:paragraph {\"textColor\":\"white\"} -->\n<p class=\"has-white-color has-text-color\">Pour en savoir plus, rendez-vous sur la page \u201c<a href=\"https:\/\/hospitaliersdafrique.org\/index.php\/projets\/\">Projets<\/a>\u201c.<\/p>\n<!-- \/wp:paragraph --><\/div><\/li>\n<li><div class=\"wp-block-latest-posts__featured-image\"><img loading=\"lazy\" decoding=\"async\" width=\"150\" height=\"150\" src=\"https:\/\/hospitaliersdafrique.org\/wp-content\/uploads\/2023\/09\/Village-de-lamour-1-150x150.jpg\" class=\"attachment-thumbnail size-thumbnail wp-post-image\" alt=\"\" style=\"\" \/><\/div><a class=\"wp-block-latest-posts__post-title\" href=\"https:\/\/hospitaliersdafrique.org\/index.php\/2023\/06\/07\/action-caritative-au-profit-de-linitiative-village-de-lamour\/\">07\/06\/2023 &#8211; Action caritative au profit de l&#8217;initiative &#8220;Village de l\u2019amour&#8221;<\/a><time datetime=\"2023-06-07T19:08:00+01:00\" class=\"wp-block-latest-posts__post-date\">7 juin 2023<\/time><div class=\"wp-block-latest-posts__post-full-content\"><!-- wp:paragraph {\"textColor\":\"white\"} -->\n<p class=\"has-white-color has-text-color\">Le\u00a0<strong>Village<\/strong>\u00a0<strong>de<\/strong>\u00a0<strong>l\u2019amour<\/strong>\u00a0est une initiative mise sur pied dans le but de r\u00e9cup\u00e9rer des personnes atteintes de maladies mentales et errantes dans nos villes et villages, afin de leur apporter une protection et la chaleur humaine qui leur fait cruellement d\u00e9faut.<\/p>\n<!-- \/wp:paragraph -->\n\n<!-- wp:paragraph {\"textColor\":\"white\"} -->\n<p class=\"has-white-color has-text-color\">Pour en savoir plus, rendez-vous sur la page &#8220;<a href=\"\/index.php\/projets\/\" data-type=\"link\" data-id=\"\/index.php\/projets\/\">Projets<\/a>&#8220;.<\/p>\n<!-- \/wp:paragraph --><\/div><\/li>\n<li><div class=\"wp-block-latest-posts__featured-image\"><img loading=\"lazy\" decoding=\"async\" width=\"150\" height=\"150\" src=\"https:\/\/hospitaliersdafrique.org\/wp-content\/uploads\/2023\/09\/Arrete-FR-150x150.jpg\" class=\"attachment-thumbnail size-thumbnail wp-post-image\" alt=\"\" style=\"\" \/><\/div><a class=\"wp-block-latest-posts__post-title\" href=\"https:\/\/hospitaliersdafrique.org\/index.php\/2023\/05\/02\/arrete-ministeriel\/\">02\/05\/2023 &#8211; Arr\u00eat\u00e9 minist\u00e9riel portant autorisation d&#8217;exercer<\/a><time datetime=\"2023-05-02T20:01:00+01:00\" class=\"wp-block-latest-posts__post-date\">2 mai 2023<\/time><div class=\"wp-block-latest-posts__post-full-content\"><!-- wp:paragraph {\"textColor\":\"white\"} -->\n<p class=\"has-white-color has-text-color\">Le 02 mai 2023, la Commanderie des Chevaliers de Saint Jean d&#8217;Afrique obtient son autorisation d&#8217;exercer au Cameroun.<\/p>\n<!-- \/wp:paragraph -->\n\n<!-- wp:paragraph {\"textColor\":\"white\"} -->\n<p class=\"has-white-color has-text-color\">Vous pouvez consulter cet arr\u00eat\u00e9 sur la page &#8220;<a href=\"\/index.php\/certifications\/\" data-type=\"link\" data-id=\"\/index.php\/certifications\/\">Certifications<\/a>&#8220;.<\/p>\n<!-- \/wp:paragraph --><\/div><\/li>\n<li><div class=\"wp-block-latest-posts__featured-image\"><img loading=\"lazy\" decoding=\"async\" width=\"150\" height=\"150\" src=\"https:\/\/hospitaliersdafrique.org\/wp-content\/uploads\/2023\/09\/Don-de-sang-2-150x150.jpg\" class=\"attachment-thumbnail size-thumbnail wp-post-image\" alt=\"\" style=\"\" \/><\/div><a class=\"wp-block-latest-posts__post-title\" href=\"https:\/\/hospitaliersdafrique.org\/index.php\/2017\/11\/04\/04-11-2017-projet-don-de-sang\/\">04\/11\/2017 &#8211; Projet &#8220;Don de sang&#8221;<\/a><time datetime=\"2017-11-04T19:05:00+01:00\" class=\"wp-block-latest-posts__post-date\">4 novembre 2017<\/time><div class=\"wp-block-latest-posts__post-full-content\"><!-- wp:paragraph {\"textColor\":\"white\"} -->\n<p class=\"has-white-color has-text-color\">Le 04 Novembre 2017, la Commanderie des Chevaliers de Saint Jean d\u2019Afrique a fait un important don de sang en faveur de certaines institutions sanitaires de la place. Ladite campagne s\u2019est tenue \u00e0 l\u2019esplanade de l\u2019h\u00f4tel de ville de la mairie de Yaound\u00e9 IV dans la ville de Yaound\u00e9. Plus de 400 poches de sang ont \u00e9t\u00e9 r\u00e9colt\u00e9es pour la circonstance.<\/p>\n<!-- \/wp:paragraph -->\n\n<!-- wp:paragraph {\"textColor\":\"white\"} -->\n<p class=\"has-white-color has-text-color\">Pour en savoir plus, rendez-vous sur la page &#8220;<a href=\"\/index.php\/projets\/\" data-type=\"link\" data-id=\"\/index.php\/projets\/\">Projets<\/a>&#8220;.<\/p>\n<!-- \/wp:paragraph --><\/div><\/li>\n<\/ul>","protected":false},"excerpt":{"rendered":"<p>Retrouvez ici nos diff\u00e9rentes actualit\u00e9s.<\/p>\n","protected":false},"author":1,"featured_media":0,"parent":0,"menu_order":0,"comment_status":"closed","ping_status":"closed","template":"","meta":{"footnotes":""},"class_list":["post-20","page","type-page","status-publish","hentry"],"_links":{"self":[{"href":"https:\/\/hospitaliersdafrique.org\/index.php\/wp-json\/wp\/v2\/pages\/20","targetHints":{"allow":["GET"]}}],"collection":[{"href":"https:\/\/hospitaliersdafrique.org\/index.php\/wp-json\/wp\/v2\/pages"}],"about":[{"href":"https:\/\/hospitaliersdafrique.org\/index.php\/wp-json\/wp\/v2\/types\/page"}],"author":[{"embeddable":true,"href":"https:\/\/hospitaliersdafrique.org\/index.php\/wp-json\/wp\/v2\/users\/1"}],"replies":[{"embeddable":true,"href":"https:\/\/hospitaliersdafrique.org\/index.php\/wp-json\/wp\/v2\/comments?post=20"}],"version-history":[{"count":8,"href":"https:\/\/hospitaliersdafrique.org\/index.php\/wp-json\/wp\/v2\/pages\/20\/revisions"}],"predecessor-version":[{"id":271,"href":"https:\/\/hospitaliersdafrique.org\/index.php\/wp-json\/wp\/v2\/pages\/20\/revisions\/271"}],"wp:attachment":[{"href":"https:\/\/hospitaliersdafrique.org\/index.php\/wp-json\/wp\/v2\/media?parent=20"}],"curies":[{"name":"wp","href":"https:\/\/api.w.org\/{rel}","templated":true}]}}