{"id":19,"date":"2023-08-05T18:16:07","date_gmt":"2023-08-05T16:16:07","guid":{"rendered":"https:\/\/hospitaliersdafrique.org\/?page_id=19"},"modified":"2023-09-11T14:26:04","modified_gmt":"2023-09-11T13:26:04","slug":"certifications","status":"publish","type":"page","link":"https:\/\/hospitaliersdafrique.org\/index.php\/certifications\/","title":{"rendered":"Certifications"},"content":{"rendered":"\n<h3 class=\"wp-block-heading has-text-color\" style=\"color:#fbf817\">Nos certifications<\/h3>\n\n\n\n<figure class=\"wp-block-image size-large is-resized\"><img decoding=\"async\" src=\"http:\/\/hospitaliersdafrique.org\/wp-content\/uploads\/2023\/09\/Logo-HdA-725x1024.jpg\" alt=\"\" class=\"wp-image-238\" style=\"width:650px\" width=\"650\" srcset=\"https:\/\/hospitaliersdafrique.org\/wp-content\/uploads\/2023\/09\/Logo-HdA-725x1024.jpg 725w, https:\/\/hospitaliersdafrique.org\/wp-content\/uploads\/2023\/09\/Logo-HdA-212x300.jpg 212w, https:\/\/hospitaliersdafrique.org\/wp-content\/uploads\/2023\/09\/Logo-HdA.jpg 750w\" sizes=\"(max-width: 725px) 100vw, 725px\" \/><\/figure>\n\n\n\n<p class=\"has-white-color has-text-color\">Le 29 F\u00e9vrier 2019, l\u2019association humanitaire \u00e9trang\u00e8re &#8220;Commanderie des Chevaliers de Saint jean d\u2019Afrique&#8221; a \u00e9t\u00e9 institu\u00e9e suivant l\u2019Ordonnance Magistrale sign\u00e9e de Mgr G\u00e9rard Berrier de Martigues, Sup\u00e9rieur G\u00e9n\u00e9ral des Hospitaliers de Saint Jean.<\/p>\n\n\n\n<p class=\"has-white-color has-text-color\">Cette Association a obtenu toutes les certifications et &nbsp;autorisations de la tutelle ainsi que celles des autorit\u00e9s locales pour justifier de sa pr\u00e9sence en r\u00e9publique du Cameroun.<\/p>\n\n\n\n<p class=\"has-white-color has-text-color\">Le repr\u00e9sentant de l\u2019OASJ et tous les autres membres du Conseil exercent en observance des lois de la R\u00e9publique du Cameroun.<\/p>\n\n\n\n<p class=\"has-white-color has-text-color\">Arr\u00eat\u00e9 minist\u00e9riel portant autorisation d\u2019exercer d\u2019une Association \u00e9trang\u00e8re :<\/p>\n\n\n\n<figure class=\"wp-block-image size-large\"><img loading=\"lazy\" decoding=\"async\" width=\"631\" height=\"1024\" src=\"https:\/\/hospitaliersdafrique.org\/wp-content\/uploads\/2023\/09\/Arrete-FR-631x1024.jpg\" alt=\"\" class=\"wp-image-202\" srcset=\"https:\/\/hospitaliersdafrique.org\/wp-content\/uploads\/2023\/09\/Arrete-FR-631x1024.jpg 631w, https:\/\/hospitaliersdafrique.org\/wp-content\/uploads\/2023\/09\/Arrete-FR-185x300.jpg 185w, https:\/\/hospitaliersdafrique.org\/wp-content\/uploads\/2023\/09\/Arrete-FR.jpg 650w\" sizes=\"auto, (max-width: 631px) 100vw, 631px\" \/><\/figure>\n\n\n\n<figure class=\"wp-block-image size-large\"><img loading=\"lazy\" decoding=\"async\" width=\"631\" height=\"1024\" src=\"https:\/\/hospitaliersdafrique.org\/wp-content\/uploads\/2023\/09\/Arrete-EN-631x1024.jpg\" alt=\"\" class=\"wp-image-203\" srcset=\"https:\/\/hospitaliersdafrique.org\/wp-content\/uploads\/2023\/09\/Arrete-EN-631x1024.jpg 631w, https:\/\/hospitaliersdafrique.org\/wp-content\/uploads\/2023\/09\/Arrete-EN-185x300.jpg 185w, https:\/\/hospitaliersdafrique.org\/wp-content\/uploads\/2023\/09\/Arrete-EN.jpg 650w\" sizes=\"auto, (max-width: 631px) 100vw, 631px\" \/><\/figure>\n","protected":false},"excerpt":{"rendered":"<p>Nos certifications Le 29 F\u00e9vrier 2019, l\u2019association humanitaire \u00e9trang\u00e8re &#8220;Commanderie des Chevaliers de Saint jean d\u2019Afrique&#8221; a \u00e9t\u00e9 institu\u00e9e suivant l\u2019Ordonnance Magistrale sign\u00e9e de Mgr G\u00e9rard Berrier de Martigues, Sup\u00e9rieur G\u00e9n\u00e9ral des Hospitaliers de Saint Jean. Cette Association a obtenu toutes les certifications et &nbsp;autorisations de la tutelle ainsi que celles des autorit\u00e9s locales pour<\/p>\n","protected":false},"author":1,"featured_media":0,"parent":0,"menu_order":0,"comment_status":"closed","ping_status":"closed","template":"","meta":{"footnotes":""},"class_list":["post-19","page","type-page","status-publish","hentry"],"_links":{"self":[{"href":"https:\/\/hospitaliersdafrique.org\/index.php\/wp-json\/wp\/v2\/pages\/19","targetHints":{"allow":["GET"]}}],"collection":[{"href":"https:\/\/hospitaliersdafrique.org\/index.php\/wp-json\/wp\/v2\/pages"}],"about":[{"href":"https:\/\/hospitaliersdafrique.org\/index.php\/wp-json\/wp\/v2\/types\/page"}],"author":[{"embeddable":true,"href":"https:\/\/hospitaliersdafrique.org\/index.php\/wp-json\/wp\/v2\/users\/1"}],"replies":[{"embeddable":true,"href":"https:\/\/hospitaliersdafrique.org\/index.php\/wp-json\/wp\/v2\/comments?post=19"}],"version-history":[{"count":13,"href":"https:\/\/hospitaliersdafrique.org\/index.php\/wp-json\/wp\/v2\/pages\/19\/revisions"}],"predecessor-version":[{"id":280,"href":"https:\/\/hospitaliersdafrique.org\/index.php\/wp-json\/wp\/v2\/pages\/19\/revisions\/280"}],"wp:attachment":[{"href":"https:\/\/hospitaliersdafrique.org\/index.php\/wp-json\/wp\/v2\/media?parent=19"}],"curies":[{"name":"wp","href":"https:\/\/api.w.org\/{rel}","templated":true}]}}