{"id":17,"date":"2023-08-05T18:16:07","date_gmt":"2023-08-05T16:16:07","guid":{"rendered":"https:\/\/hospitaliersdafrique.org\/?page_id=17"},"modified":"2025-05-02T09:12:16","modified_gmt":"2025-05-02T08:12:16","slug":"projets","status":"publish","type":"page","link":"https:\/\/hospitaliersdafrique.org\/index.php\/projets\/","title":{"rendered":"Projets"},"content":{"rendered":"\n<h2 class=\"wp-block-heading has-text-color has-link-color wp-elements-2d81053baa134fe0a726654c53bab74b\" style=\"color:#fbf817\">31\/12\/2024 &#8211; Am\u00e9nagements d&#8217;\u00e9tangs sur un mar\u00e9cage \u00e0 Yaound\u00e9<\/h2>\n\n\n\n<figure class=\"wp-block-image size-large\"><img loading=\"lazy\" decoding=\"async\" width=\"1024\" height=\"768\" src=\"http:\/\/hospitaliersdafrique.org\/wp-content\/uploads\/2024\/12\/IMG_3208-1024x768.jpg\" alt=\"\" class=\"wp-image-364\" srcset=\"https:\/\/hospitaliersdafrique.org\/wp-content\/uploads\/2024\/12\/IMG_3208-1024x768.jpg 1024w, https:\/\/hospitaliersdafrique.org\/wp-content\/uploads\/2024\/12\/IMG_3208-300x225.jpg 300w, https:\/\/hospitaliersdafrique.org\/wp-content\/uploads\/2024\/12\/IMG_3208-768x576.jpg 768w, https:\/\/hospitaliersdafrique.org\/wp-content\/uploads\/2024\/12\/IMG_3208-1536x1152.jpg 1536w, https:\/\/hospitaliersdafrique.org\/wp-content\/uploads\/2024\/12\/IMG_3208.jpg 2016w\" sizes=\"auto, (max-width: 1024px) 100vw, 1024px\" \/><\/figure>\n\n\n\n<p class=\"has-white-color has-text-color has-link-color wp-elements-d0445c877951cb5493a74bf95d54f144\">La Commanderie d\u2019Afrique a proc\u00e9d\u00e9 \u00e0 des am\u00e9nagements sur un mar\u00e9cage \u00e0 une quinzaine de kilom\u00e8tres de la ville de Yaound\u00e9, au lieu-dit &#8221; BANDA &#8211; CHEFFERIE &#8221; dans l\u2019arrondissement de Soa. Le but vis\u00e9 de cet investissement est de produire du poisson dont une grande partie sera distribu\u00e9e dans des orphelinats, le reste \u00e9tant destin\u00e9 \u00e0 soutenir d\u2019autres activit\u00e9s.<\/p>\n\n\n\n<p class=\"has-white-color has-text-color has-link-color wp-elements-4c41d03335b772103ab568d43d846768\">Concr\u00e8tement, neuf \u00e9tangs ont \u00e9t\u00e9 creus\u00e9s, fertilis\u00e9s et empoissonn\u00e9s comme suit :<\/p>\n\n\n\n<p class=\"has-white-color has-text-color has-link-color wp-elements-42051506c8583145859074b01aa05d35\">\u2022 03 \u00e9tangs de 16 m\u00b2, soit 1500 alevins de silure par \u00e9tang,<\/p>\n\n\n\n<p class=\"has-white-color has-text-color has-link-color wp-elements-b184792560956447fd4dc31b966e33fe\">\u2022 06 \u00e9tangs de 300 m\u00b2, soit 2000 alevins de silure, tilapia et heterotis par \u00e9tang.<\/p>\n\n\n<div class=\"wp-block-image\">\n<figure class=\"alignleft size-full is-resized\"><img loading=\"lazy\" decoding=\"async\" width=\"2016\" height=\"1512\" src=\"https:\/\/hospitaliersdafrique.org\/wp-content\/uploads\/2024\/12\/IMG_3211.jpg\" alt=\"\" class=\"wp-image-365\" style=\"width:auto;height:150px\" srcset=\"https:\/\/hospitaliersdafrique.org\/wp-content\/uploads\/2024\/12\/IMG_3211.jpg 2016w, https:\/\/hospitaliersdafrique.org\/wp-content\/uploads\/2024\/12\/IMG_3211-300x225.jpg 300w, https:\/\/hospitaliersdafrique.org\/wp-content\/uploads\/2024\/12\/IMG_3211-1024x768.jpg 1024w, https:\/\/hospitaliersdafrique.org\/wp-content\/uploads\/2024\/12\/IMG_3211-768x576.jpg 768w, https:\/\/hospitaliersdafrique.org\/wp-content\/uploads\/2024\/12\/IMG_3211-1536x1152.jpg 1536w\" sizes=\"auto, (max-width: 2016px) 100vw, 2016px\" \/><\/figure>\n<\/div>\n\n\n<p class=\"has-white-color has-text-color has-link-color wp-elements-b919c8479d9f0d6f994ab935473edfcc\">Le produit escompt\u00e9 des 3 premiers \u00e9tangs peut \u00eatre r\u00e9colt\u00e9 d\u00e8s le mois de septembre 2025, soit environ une tonne de poisson. Le produit de ces \u00e9levages servira \u00e0 soutenir les actions humanitaires entam\u00e9es en 2023, mais aussi \u00e0 r\u00e9investir sur le reste du mar\u00e9cage en exploitation.<\/p>\n\n\n<div class=\"wp-block-image\">\n<figure class=\"alignright size-large is-resized\"><img loading=\"lazy\" decoding=\"async\" width=\"1024\" height=\"768\" src=\"http:\/\/hospitaliersdafrique.org\/wp-content\/uploads\/2024\/12\/IMG_3203-1024x768.jpg\" alt=\"\" class=\"wp-image-363\" style=\"width:auto;height:185px\" srcset=\"https:\/\/hospitaliersdafrique.org\/wp-content\/uploads\/2024\/12\/IMG_3203-1024x768.jpg 1024w, https:\/\/hospitaliersdafrique.org\/wp-content\/uploads\/2024\/12\/IMG_3203-300x225.jpg 300w, https:\/\/hospitaliersdafrique.org\/wp-content\/uploads\/2024\/12\/IMG_3203-768x576.jpg 768w, https:\/\/hospitaliersdafrique.org\/wp-content\/uploads\/2024\/12\/IMG_3203-1536x1152.jpg 1536w, https:\/\/hospitaliersdafrique.org\/wp-content\/uploads\/2024\/12\/IMG_3203.jpg 2016w\" sizes=\"auto, (max-width: 1024px) 100vw, 1024px\" \/><\/figure>\n<\/div>\n\n\n<p class=\"has-white-color has-text-color has-link-color wp-elements-3f8977357ff68aa3a673643be5bce1bb\">Au del\u00e0 de la production de poisson mentionn\u00e9e ci-dessus, la Commanderie d\u2019Afrique envisage, avec le soutien des partenaires, d&#8217;organiser des ateliers de formation et de renforcement des capacit\u00e9s de la gent f\u00e9minine dans les m\u00e9tiers de la pisciculture en vue de rendre cette derni\u00e8re autonome et de contribuer \u00e0 la lutte contre la pauvret\u00e9.<\/p>\n\n\n\n<h3 class=\"wp-block-heading has-text-color\" style=\"color:#fbf817\">31\/07\/2023 &#8211; Octroi d&#8217;une parcelle de terrain pour la construction du Centre d\u2019Accueil pour l\u2019Enfance en D\u00e9tresse<\/h3>\n\n\n\n<figure class=\"wp-block-image size-large\"><img loading=\"lazy\" decoding=\"async\" width=\"1024\" height=\"768\" src=\"https:\/\/hospitaliersdafrique.org\/wp-content\/uploads\/2023\/09\/vecteezy_land-plot-for-building-house-aerial-view-land-field-with_14445766_754-1024x768.jpeg\" alt=\"\" class=\"wp-image-334\" srcset=\"https:\/\/hospitaliersdafrique.org\/wp-content\/uploads\/2023\/09\/vecteezy_land-plot-for-building-house-aerial-view-land-field-with_14445766_754-1024x768.jpeg 1024w, https:\/\/hospitaliersdafrique.org\/wp-content\/uploads\/2023\/09\/vecteezy_land-plot-for-building-house-aerial-view-land-field-with_14445766_754-300x225.jpeg 300w, https:\/\/hospitaliersdafrique.org\/wp-content\/uploads\/2023\/09\/vecteezy_land-plot-for-building-house-aerial-view-land-field-with_14445766_754-768x576.jpeg 768w, https:\/\/hospitaliersdafrique.org\/wp-content\/uploads\/2023\/09\/vecteezy_land-plot-for-building-house-aerial-view-land-field-with_14445766_754-1536x1152.jpeg 1536w, https:\/\/hospitaliersdafrique.org\/wp-content\/uploads\/2023\/09\/vecteezy_land-plot-for-building-house-aerial-view-land-field-with_14445766_754-2048x1536.jpeg 2048w\" sizes=\"auto, (max-width: 1024px) 100vw, 1024px\" \/><\/figure>\n\n\n\n<p class=\"has-white-color has-text-color\">Dans le cadre de la mise en \u0153uvre des orientations fix\u00e9es par le Magist\u00e8re de France Mgr Gerard BERRIER de MARTIGUES, notre association a engag\u00e9 des d\u00e9marches administratives aupr\u00e8s de la mairie de Yoko, une localit\u00e9 situ\u00e9e dans le d\u00e9partement du Mbam et Kim, r\u00e9gion du Centre au Cameroun, pour l\u2019octroi d\u2019une parcelle de terrain.<\/p>\n\n\n\n<p class=\"has-white-color has-text-color\">Le Maire de la commune de Yoko, Monsieur ANNIR Dieudonn\u00e9 a \u00e9mis un avis favorable, en r\u00e9ponse \u00e0 la demande \u00e0 lui adress\u00e9e par le Repr\u00e9sentant de l\u2019OASJ au Cameroun, S.E ENGOLA BINIGA, travers une correspondance dat\u00e9e du 31 Juillet 2023, portant sur l\u2019octroi d\u2019une parcelle de terrain sur lequel notre association projette de construire le Centre d\u2019Accueil pour l\u2019Enfance en D\u00e9tresse. Le site identifi\u00e9 se situe \u00e0 la p\u00e9riph\u00e9rie Nord de la ville au lieu-dit Bamding.<\/p>\n\n\n\n<p class=\"has-white-color has-text-color\">Le projet objet de nos d\u00e9marches vise \u00e0 prendre en charge les enfants abandonn\u00e9s, ainsi que ceux vivant dans des familles pauvres afin de mieux promouvoir l\u2019\u00e9galit\u00e9 des chances, et de rehausser le taux de scolarisation \u00e0 l\u2019\u00e9chelle nationale.<\/p>\n\n\n\n<p class=\"has-white-color has-text-color\">Le Centre d\u2019Accueil pour l\u2019Enfance en D\u00e9tresse de Yoko pourrait favoriser l\u2019encadrement de nombreux jeunes du d\u00e9partement du Mbam et Kim, en m\u00eame temps qu\u2019il poserait les jalons du jumelage entre les communes de Yoko et celle de Nice ( France ) qui est notre principal partenaire.<\/p>\n\n\n\n<hr class=\"wp-block-separator has-alpha-channel-opacity\"\/>\n\n\n\n<h3 class=\"wp-block-heading has-text-color\" style=\"color:#fbf817\">07\/06\/2023 &#8211; Action caritative au profit de l\u2019initiative &#8220;Village de l\u2019amour&#8221;<\/h3>\n\n\n\n<figure class=\"wp-block-image size-full\"><img loading=\"lazy\" decoding=\"async\" width=\"1008\" height=\"756\" src=\"https:\/\/hospitaliersdafrique.org\/wp-content\/uploads\/2023\/09\/Village-de-lamour-5.jpg\" alt=\"\" class=\"wp-image-183\" srcset=\"https:\/\/hospitaliersdafrique.org\/wp-content\/uploads\/2023\/09\/Village-de-lamour-5.jpg 1008w, https:\/\/hospitaliersdafrique.org\/wp-content\/uploads\/2023\/09\/Village-de-lamour-5-300x225.jpg 300w, https:\/\/hospitaliersdafrique.org\/wp-content\/uploads\/2023\/09\/Village-de-lamour-5-768x576.jpg 768w\" sizes=\"auto, (max-width: 1008px) 100vw, 1008px\" \/><\/figure>\n\n\n<div class=\"wp-block-image\">\n<figure class=\"alignright size-full\"><img loading=\"lazy\" decoding=\"async\" width=\"320\" height=\"240\" src=\"https:\/\/hospitaliersdafrique.org\/wp-content\/uploads\/2023\/09\/Village-de-lamour-3.jpg\" alt=\"\" class=\"wp-image-186\" srcset=\"https:\/\/hospitaliersdafrique.org\/wp-content\/uploads\/2023\/09\/Village-de-lamour-3.jpg 320w, https:\/\/hospitaliersdafrique.org\/wp-content\/uploads\/2023\/09\/Village-de-lamour-3-300x225.jpg 300w\" sizes=\"auto, (max-width: 320px) 100vw, 320px\" \/><\/figure>\n<\/div>\n\n\n<p class=\"has-white-color has-text-color\">Le <strong>Village de l\u2019amour<\/strong> est une initiative mise sur pied dans le but de r\u00e9cup\u00e9rer des personnes atteintes de maladies mentales et errantes dans nos villes et villages, afin de leur apporter une protection et la chaleur humaine qui leur fait cruellement&nbsp;d\u00e9faut.<\/p>\n\n\n<div class=\"wp-block-image\">\n<figure class=\"alignleft size-full\"><img loading=\"lazy\" decoding=\"async\" width=\"180\" height=\"240\" src=\"https:\/\/hospitaliersdafrique.org\/wp-content\/uploads\/2023\/09\/Village-de-lamour-1.jpg\" alt=\"\" class=\"wp-image-184\"\/><\/figure>\n<\/div>\n\n\n<p class=\"has-white-color has-text-color\">Ces personnes abonn\u00e9es ou exclues de leurs foyers d\u2019origine pour la plupart, sont approch\u00e9es par une \u00e9quipe de psychiatres qui s\u2019est donn\u00e9e pour mission, de redonner le sourire et une seconde vie \u00e0 ces nombreux patients, \u00e0 travers l\u2019octroi d\u2019un h\u00e9bergement, un suivi m\u00e9dical et un encadrement au sein de&nbsp;<strong>l\u2019h\u00f4pital<\/strong>&nbsp;<strong>Jamot<\/strong>&nbsp;de Yaound\u00e9, en pr\u00e9lude \u00e0 une \u00e9ventuelle r\u00e9insertion sociale.<\/p>\n\n\n\n<p class=\"has-white-color has-text-color\">La d\u00e9l\u00e9gation des Chevaliers Hospitaliers compos\u00e9e des cinq membres du Conseil de la Commanderie d\u2019Afrique ainsi que des Chevaliers&nbsp;<strong>Jacques<\/strong>&nbsp;<strong>ONANA<\/strong>&nbsp;et&nbsp;<strong>Damase<\/strong>&nbsp;<strong>ESSOMBA<\/strong>, a pr\u00e9alablement proc\u00e9d\u00e9 \u00e0 la collecte de nombreux v\u00eatements, du d\u00e9tergeant et du chlore pour en faire un don \u00e0 ces personnes n\u00e9cessiteuses.<\/p>\n\n\n\n<figure class=\"wp-block-image size-full\"><img loading=\"lazy\" decoding=\"async\" width=\"320\" height=\"240\" src=\"https:\/\/hospitaliersdafrique.org\/wp-content\/uploads\/2023\/09\/Village-de-lamour-4.jpg\" alt=\"\" class=\"wp-image-188\" srcset=\"https:\/\/hospitaliersdafrique.org\/wp-content\/uploads\/2023\/09\/Village-de-lamour-4.jpg 320w, https:\/\/hospitaliersdafrique.org\/wp-content\/uploads\/2023\/09\/Village-de-lamour-4-300x225.jpg 300w\" sizes=\"auto, (max-width: 320px) 100vw, 320px\" \/><\/figure>\n\n\n<div class=\"wp-block-image\">\n<figure class=\"alignright size-full\"><img loading=\"lazy\" decoding=\"async\" width=\"320\" height=\"240\" src=\"http:\/\/hospitaliersdafrique.org\/wp-content\/uploads\/2023\/09\/Village-de-lamour-2.jpg\" alt=\"\" class=\"wp-image-185\" srcset=\"https:\/\/hospitaliersdafrique.org\/wp-content\/uploads\/2023\/09\/Village-de-lamour-2.jpg 320w, https:\/\/hospitaliersdafrique.org\/wp-content\/uploads\/2023\/09\/Village-de-lamour-2-300x225.jpg 300w\" sizes=\"auto, (max-width: 320px) 100vw, 320px\" \/><\/figure>\n<\/div>\n\n\n<p class=\"has-white-color has-text-color\">L\u2019initiative&nbsp;<strong>Village<\/strong>&nbsp;<strong>de<\/strong>&nbsp;<strong>l\u2019amour<\/strong>&nbsp;est men\u00e9e de main de ma\u00eetre par le&nbsp;<strong>Dr. Justine Laure MENGUENE MVIENA,&nbsp;<\/strong>psychiatre et Sous-directeur de la sant\u00e9 mentale au Minist\u00e8re de la sant\u00e9 publique du Cameroun.<\/p>\n\n\n\n<p class=\"has-white-color has-text-color\">Notre action s\u2019inscrit en droite ligne des orientations fix\u00e9es et des objectifs vis\u00e9s par le Minist\u00e8re de l\u2019Administration Territoriale \u00e0 savoir, une implication efficiente des acteurs de la soci\u00e9t\u00e9 civile dans le plan de r\u00e9ponse humanitaire pour le Cameroun en 2023.<\/p>\n\n\n\n<p class=\"has-white-color has-text-color\">Le <strong>Village de l\u2019amour<\/strong> est soutenu par le Maire de la ville de Yaound\u00e9 et regroupe actuellement, plus de 150 personnes intern\u00e9es, hommes et femmes confondus.<\/p>\n\n\n\n<hr class=\"wp-block-separator has-alpha-channel-opacity\"\/>\n\n\n\n<h3 class=\"wp-block-heading has-text-color\" style=\"color:#fbf817\">04\/11\/2017 &#8211; Don de sang<\/h3>\n\n\n\n<figure class=\"wp-block-image size-full\"><img loading=\"lazy\" decoding=\"async\" width=\"715\" height=\"953\" src=\"http:\/\/hospitaliersdafrique.org\/wp-content\/uploads\/2023\/09\/Don-de-sang-1.jpg\" alt=\"\" class=\"wp-image-173\" srcset=\"https:\/\/hospitaliersdafrique.org\/wp-content\/uploads\/2023\/09\/Don-de-sang-1.jpg 715w, https:\/\/hospitaliersdafrique.org\/wp-content\/uploads\/2023\/09\/Don-de-sang-1-225x300.jpg 225w\" sizes=\"auto, (max-width: 715px) 100vw, 715px\" \/><\/figure>\n\n\n<div class=\"wp-block-image\">\n<figure class=\"alignleft size-full\"><img loading=\"lazy\" decoding=\"async\" width=\"715\" height=\"953\" src=\"https:\/\/hospitaliersdafrique.org\/wp-content\/uploads\/2023\/09\/Don-de-sang-2.jpg\" alt=\"\" class=\"wp-image-174\" style=\"object-fit:cover\" srcset=\"https:\/\/hospitaliersdafrique.org\/wp-content\/uploads\/2023\/09\/Don-de-sang-2.jpg 715w, https:\/\/hospitaliersdafrique.org\/wp-content\/uploads\/2023\/09\/Don-de-sang-2-225x300.jpg 225w\" sizes=\"auto, (max-width: 715px) 100vw, 715px\" \/><\/figure>\n<\/div>\n\n\n<p class=\"has-white-color has-text-color\">Le 04 Novembre 2017, la Commanderie des Chevaliers de Saint Jean d\u2019Afrique a fait un important don de sang en faveur de certaines institutions sanitaires de la place. Ladite campagne s\u2019est tenue \u00e0 l\u2019esplanade de l\u2019h\u00f4tel de ville de la mairie de Yaound\u00e9 IV dans la ville de Yaound\u00e9. Plus de 400 poches de sang ont \u00e9t\u00e9 r\u00e9colt\u00e9es pour la circonstance et les formations sanitaires ayant b\u00e9n\u00e9fici\u00e9 de ce pr\u00e9cieux don sont :<\/p>\n\n\n\n<ul class=\"wp-block-list\">\n<li><span style=\"color:white\">L\u2019H\u00f4pital Militaire de Yaound\u00e9 ;<\/span><\/li>\n\n\n\n<li><span style=\"color:white\">Le Centre Hospitalier Universitaire de Yaound\u00e9 (CHU) ;<\/span><\/li>\n\n\n\n<li><span style=\"color:white\">L\u2019H\u00f4pital Saint Martin de Porres de Mvog-betsi de Yaound\u00e9.<\/span><\/li>\n<\/ul>\n\n\n\n<p class=\"has-white-color has-text-color\">Le principal partenaire du projet \u2018\u2019Don de sang\u2019\u2019 \u00e9tait le Programme National de Transfusion Sanguine (PNTS), tandis que Madame R\u00e9gine AMOUGOU NOMA le Maire de Yaound\u00e9 IV en assurait le parrainage.<\/p>\n","protected":false},"excerpt":{"rendered":"<p>31\/12\/2024 &#8211; Am\u00e9nagements d&#8217;\u00e9tangs sur un mar\u00e9cage \u00e0 Yaound\u00e9 La Commanderie d\u2019Afrique a proc\u00e9d\u00e9 \u00e0 des am\u00e9nagements sur un mar\u00e9cage \u00e0 une quinzaine de kilom\u00e8tres de la ville de Yaound\u00e9, au lieu-dit &#8221; BANDA &#8211; CHEFFERIE &#8221; dans l\u2019arrondissement de Soa. Le but vis\u00e9 de cet investissement est de produire du poisson dont une grande<\/p>\n","protected":false},"author":1,"featured_media":0,"parent":0,"menu_order":0,"comment_status":"closed","ping_status":"closed","template":"","meta":{"footnotes":""},"class_list":["post-17","page","type-page","status-publish","hentry"],"_links":{"self":[{"href":"https:\/\/hospitaliersdafrique.org\/index.php\/wp-json\/wp\/v2\/pages\/17","targetHints":{"allow":["GET"]}}],"collection":[{"href":"https:\/\/hospitaliersdafrique.org\/index.php\/wp-json\/wp\/v2\/pages"}],"about":[{"href":"https:\/\/hospitaliersdafrique.org\/index.php\/wp-json\/wp\/v2\/types\/page"}],"author":[{"embeddable":true,"href":"https:\/\/hospitaliersdafrique.org\/index.php\/wp-json\/wp\/v2\/users\/1"}],"replies":[{"embeddable":true,"href":"https:\/\/hospitaliersdafrique.org\/index.php\/wp-json\/wp\/v2\/comments?post=17"}],"version-history":[{"count":60,"href":"https:\/\/hospitaliersdafrique.org\/index.php\/wp-json\/wp\/v2\/pages\/17\/revisions"}],"predecessor-version":[{"id":371,"href":"https:\/\/hospitaliersdafrique.org\/index.php\/wp-json\/wp\/v2\/pages\/17\/revisions\/371"}],"wp:attachment":[{"href":"https:\/\/hospitaliersdafrique.org\/index.php\/wp-json\/wp\/v2\/media?parent=17"}],"curies":[{"name":"wp","href":"https:\/\/api.w.org\/{rel}","templated":true}]}}