{"id":16,"date":"2023-08-05T18:16:07","date_gmt":"2023-08-05T16:16:07","guid":{"rendered":"https:\/\/hospitaliersdafrique.org\/?page_id=16"},"modified":"2023-09-03T21:30:51","modified_gmt":"2023-09-03T20:30:51","slug":"presentation","status":"publish","type":"page","link":"https:\/\/hospitaliersdafrique.org\/index.php\/presentation\/","title":{"rendered":"Pr\u00e9sentation"},"content":{"rendered":"<div class=\"wp-block-image is-style-default\">\n<figure class=\"alignleft size-full\"><img loading=\"lazy\" decoding=\"async\" width=\"188\" height=\"232\" src=\"http:\/\/hospitaliersdafrique.org\/wp-content\/uploads\/2023\/08\/Logo.jpg\" alt=\"Logo Hospitaliers d'Afrique\" class=\"wp-image-13\"\/><\/figure>\n<\/div>\n\n\n<p class=\"has-white-color has-text-color\">La commanderie des Chevaliers de Saint Jean d\u2019Afrique encore appel\u00e9e \u2018\u2019<strong>Commanderie d\u2019Afrique<\/strong>\u2019\u2019 est une association humanitaire \u00e9trang\u00e8re install\u00e9e officiellement sur le territoire de la R\u00e9publique du Cameroun depuis le 02 Mai 2023, et bas\u00e9e dans l\u2019arrondissement de Yaound\u00e9 II au quartier Cit\u00e9 verte au lieu-dit clinique Lab Yaound\u00e9.<\/p>\n\n\n\n<p class=\"has-white-color has-text-color\">Cette structure est plac\u00e9e sous la protection temporelle du Magist\u00e8re de France et la protection de l\u2019Old Roman Catholic Church de rite latin, a pour mission essentielle de d\u00e9velopper des projets humanitaires sur le territoire camerounais et partout o\u00f9 le besoin se fera ressentir.<\/p>\n\n\n\n<p class=\"has-white-color has-text-color\">La Commanderie d\u2019Afrique en tant que maison civile, assure l\u2019action hospitali\u00e8re et humanitaire de l\u2019Ordre Souverain Apostolique des Hospitaliers de Saint Jean.<\/p>\n\n\n\n<p class=\"has-white-color has-text-color\">Notre association a une tr\u00e8s vieille tradition chr\u00e9tienne et hospitali\u00e8re qui a surv\u00e9cu au fil des si\u00e8cles et qui place l\u2019\u00eatre humain au centre de nos priorit\u00e9s.<\/p>\n\n\n\n<p class=\"has-white-color has-text-color\">C\u2019est donc dans le cadre de notre engagement \u00e0 l\u2019\u0153uvre hospitali\u00e8re et humanitaire que le Sup\u00e9rieur G\u00e9n\u00e9ral de l\u2019Ordre Souverain Apostolique des Hospitaliers de Saint Jean, Monseigneur G\u00e9rard B\u00e9rrier de Martigues a adress\u00e9 \u00e0 Monsieur le Ministre de l\u2019Administration Territoriale S\/C de Son Excellence Monsieur le Ministre des Relations Ext\u00e9rieures \u00e0 Yaound\u00e9, une demande d\u2019autorisation d\u2019exercer sur le territoire camerounais le 1 er Septembre 2019.<\/p>\n\n\n\n<p class=\"has-white-color has-text-color\">L\u2019objet de cette demande \u00e9tant :<\/p>\n\n\n\n<ul class=\"has-white-color has-text-color wp-block-list\">\n<li><span style=\"color:white\">L\u2019assistance \u00e0 l\u2019enfance en d\u00e9tresse ;<\/span><\/li>\n\n\n\n<li><span style=\"color:white\">La scolarisation et la formation professionnelle desdits enfants ;<\/span><\/li>\n\n\n\n<li><span style=\"color:white\">L\u2019assistance sanitaire par la cr\u00e9ation de dispensaires ;<\/span><\/li>\n\n\n\n<li><span style=\"color:white\">L\u2019accueil et l\u2019aide \u00e0 la r\u00e9insertion des camerounais et autres africains victimes des mesures de rapatriement de l\u2019\u00e9tranger.<\/span><\/li>\n<\/ul>\n\n\n\n<p class=\"has-white-color has-text-color\">Nous sommes convaincus que ces actions viennent en appui \u00e0 la politique gouvernementale camerounaise, notamment dans le sens de la lutte contre la pauvret\u00e9 et de l\u2019am\u00e9lioration des conditions de vie des populations.<\/p>\n\n\n\n<p class=\"has-white-color has-text-color\">La Commanderie des Chevaliers de Saint Jean d\u2019Afrique a vocation \u00e0 terme de solliciter d\u2019autres structures du m\u00eame genre pour atteindre les zones excentr\u00e9es du territoire camerounais.<\/p>\n\n\n\n<ul class=\"wp-block-list\"><\/ul>\n","protected":false},"excerpt":{"rendered":"<p>La commanderie des Chevaliers de Saint Jean d\u2019Afrique encore appel\u00e9e \u2018\u2019Commanderie d\u2019Afrique\u2019\u2019 est une association humanitaire \u00e9trang\u00e8re install\u00e9e officiellement sur le territoire de la R\u00e9publique du Cameroun depuis le 02 Mai 2023, et bas\u00e9e dans l\u2019arrondissement de Yaound\u00e9 II au quartier Cit\u00e9 verte au lieu-dit clinique Lab Yaound\u00e9. Cette structure est plac\u00e9e sous la protection<\/p>\n","protected":false},"author":1,"featured_media":0,"parent":0,"menu_order":0,"comment_status":"closed","ping_status":"closed","template":"","meta":{"footnotes":""},"class_list":["post-16","page","type-page","status-publish","hentry"],"_links":{"self":[{"href":"https:\/\/hospitaliersdafrique.org\/index.php\/wp-json\/wp\/v2\/pages\/16","targetHints":{"allow":["GET"]}}],"collection":[{"href":"https:\/\/hospitaliersdafrique.org\/index.php\/wp-json\/wp\/v2\/pages"}],"about":[{"href":"https:\/\/hospitaliersdafrique.org\/index.php\/wp-json\/wp\/v2\/types\/page"}],"author":[{"embeddable":true,"href":"https:\/\/hospitaliersdafrique.org\/index.php\/wp-json\/wp\/v2\/users\/1"}],"replies":[{"embeddable":true,"href":"https:\/\/hospitaliersdafrique.org\/index.php\/wp-json\/wp\/v2\/comments?post=16"}],"version-history":[{"count":20,"href":"https:\/\/hospitaliersdafrique.org\/index.php\/wp-json\/wp\/v2\/pages\/16\/revisions"}],"predecessor-version":[{"id":252,"href":"https:\/\/hospitaliersdafrique.org\/index.php\/wp-json\/wp\/v2\/pages\/16\/revisions\/252"}],"wp:attachment":[{"href":"https:\/\/hospitaliersdafrique.org\/index.php\/wp-json\/wp\/v2\/media?parent=16"}],"curies":[{"name":"wp","href":"https:\/\/api.w.org\/{rel}","templated":true}]}}